{"id":30787,"date":"2021-12-02T08:30:14","date_gmt":"2021-12-02T07:30:14","guid":{"rendered":"https:\/\/arkineos.ch\/home\/"},"modified":"2024-09-06T09:09:52","modified_gmt":"2024-09-06T07:09:52","slug":"home","status":"publish","type":"page","link":"https:\/\/arkineos.ch\/it\/","title":{"rendered":"Casa"},"content":{"rendered":"\t\t<div data-elementor-type=\"wp-page\" data-elementor-id=\"30787\" class=\"elementor elementor-30787 elementor-4133\">\n\t\t\t\t\t\t<section data-img-position=\"\" class=\"elementor-section elementor-top-section elementor-element elementor-element-079aabd elementor-section-height-min-height elementor-section-items-stretch elementor-reverse-tablet elementor-reverse-mobile elementor-section-full_width elementor-section-height-default\" data-id=\"079aabd\" data-element_type=\"section\" data-e-type=\"section\" data-settings=\"{&quot;background_background&quot;:&quot;classic&quot;,&quot;aos_animation_name&quot;:&quot;none&quot;}\">\n\t\t\t\t\t\t<div class=\"elementor-container elementor-column-gap-extended\">\n\t\t\t\t\t<div data-img-position=\"\" class=\"elementor-column elementor-col-50 elementor-top-column elementor-element elementor-element-6fcc1ec\" data-id=\"6fcc1ec\" data-element_type=\"column\" data-e-type=\"column\" data-settings=\"{&quot;aos_animation_name&quot;:&quot;none&quot;}\">\n\t\t\t<div class=\"elementor-widget-wrap elementor-element-populated\">\n\t\t\t\t\t\t<div data-aos=\"slide-up\" data-aos-once=\"true\" class=\"elementor-element elementor-element-3ed3f62 elementor-widget elementor-widget-vlt-section-title\" data-id=\"3ed3f62\" data-element_type=\"widget\" data-e-type=\"widget\" data-settings=\"{&quot;aos_animation_name&quot;:&quot;slide-up&quot;}\" data-widget_type=\"vlt-section-title.default\">\n\t\t\t\t<div class=\"elementor-widget-container\">\n\t\t\t\t\t\n\t\t<div class=\"vlt-section-title\">\n\n\t\t\t\n\t\t\t\n\t\t\t\t<span class=\"vlt-section-title__heading \">\n\n\t\t\t\t\t\n\t\t\t\t\tArkineos\n\t\t\t\t\t\n\t\t\t\t<\/span>\n\n\t\t\t\n\t\t\t\n\t\t<\/div>\n\n\t\t\t\t\t<\/div>\n\t\t\t\t<\/div>\n\t\t\t\t<div class=\"elementor-element elementor-element-8a3cefd elementor-widget elementor-widget-vlt-spacer\" data-id=\"8a3cefd\" data-element_type=\"widget\" data-e-type=\"widget\" data-settings=\"{&quot;aos_animation_name&quot;:&quot;none&quot;}\" data-widget_type=\"vlt-spacer.default\">\n\t\t\t\t<div class=\"elementor-widget-container\">\n\t\t\t\t\t\n\t\t<div class=\"vlt-spacer\"><\/div>\n\n\t\t\t\t\t\t<\/div>\n\t\t\t\t<\/div>\n\t\t\t\t<div data-aos=\"fade\" data-aos-delay=\"100\" data-aos-once=\"true\" class=\"elementor-element elementor-element-fb37ab9 elementor-widget__width-initial elementor-widget-mobile__width-initial elementor-widget elementor-widget-text-editor\" data-id=\"fb37ab9\" data-element_type=\"widget\" data-e-type=\"widget\" data-settings=\"{&quot;aos_animation_name&quot;:&quot;fade&quot;}\" data-widget_type=\"text-editor.default\">\n\t\t\t\t<div class=\"elementor-widget-container\">\n\t\t\t\t\t\t\t\t\t<p><span style=\"font-size: 18px;\">Soluzioni architettoniche sostenibili, innovative e locali per un futuro migliore.<\/span><\/p>\t\t\t\t\t\t\t\t<\/div>\n\t\t\t\t<\/div>\n\t\t\t\t<div class=\"elementor-element elementor-element-937450b elementor-widget elementor-widget-vlt-spacer\" data-id=\"937450b\" data-element_type=\"widget\" data-e-type=\"widget\" data-settings=\"{&quot;aos_animation_name&quot;:&quot;none&quot;}\" data-widget_type=\"vlt-spacer.default\">\n\t\t\t\t<div class=\"elementor-widget-container\">\n\t\t\t\t\t\n\t\t<div class=\"vlt-spacer\"><\/div>\n\n\t\t\t\t\t\t<\/div>\n\t\t\t\t<\/div>\n\t\t\t\t<div class=\"elementor-element elementor-element-0c8ef81 elementor-widget elementor-widget-vlt-spacer\" data-id=\"0c8ef81\" data-element_type=\"widget\" data-e-type=\"widget\" data-settings=\"{&quot;aos_animation_name&quot;:&quot;none&quot;}\" data-widget_type=\"vlt-spacer.default\">\n\t\t\t\t<div class=\"elementor-widget-container\">\n\t\t\t\t\t\n\t\t<div class=\"vlt-spacer\"><\/div>\n\n\t\t\t\t\t\t<\/div>\n\t\t\t\t<\/div>\n\t\t\t\t\t<\/div>\n\t\t<\/div>\n\t\t\t\t<div data-jarallax-video=\"\" data-speed=\"0\" data-img-position=\"\" class=\"elementor-column elementor-col-50 elementor-top-column elementor-element elementor-element-a0437b9 has-stretch-block to-right has-reset-mobile jarallax\" data-id=\"a0437b9\" data-element_type=\"column\" data-e-type=\"column\" data-settings=\"{&quot;background_background&quot;:&quot;classic&quot;,&quot;aos_animation_name&quot;:&quot;none&quot;}\">\n\t\t\t<div class=\"elementor-widget-wrap elementor-element-populated\">\n\t\t\t\t\t\t<div class=\"elementor-element elementor-element-70d9238 elementor-widget elementor-widget-vlt-spacer\" data-id=\"70d9238\" data-element_type=\"widget\" data-e-type=\"widget\" data-settings=\"{&quot;aos_animation_name&quot;:&quot;none&quot;}\" data-widget_type=\"vlt-spacer.default\">\n\t\t\t\t<div class=\"elementor-widget-container\">\n\t\t\t\t\t\n\t\t<div class=\"vlt-spacer\"><\/div>\n\n\t\t\t\t\t\t<\/div>\n\t\t\t\t<\/div>\n\t\t\t\t\t<\/div>\n\t\t<\/div>\n\t\t\t\t\t<\/div>\n\t\t<\/section>\n\t\t\t\t<section data-img-position=\"\" class=\"elementor-section elementor-top-section elementor-element elementor-element-bd540f0 elementor-section-content-middle has-vertical-lines elementor-section-full_width elementor-section-height-default elementor-section-height-default\" data-id=\"bd540f0\" data-element_type=\"section\" data-e-type=\"section\" id=\"next\" data-settings=\"{&quot;background_background&quot;:&quot;classic&quot;,&quot;aos_animation_name&quot;:&quot;none&quot;}\">\n\t\t\t\t\t\t<div class=\"elementor-container elementor-column-gap-extended\">\n\t\t\t\t\t<div data-img-position=\"\" class=\"elementor-column elementor-col-50 elementor-top-column elementor-element elementor-element-8166634 jarallax has-stretch-block to-left\" data-id=\"8166634\" data-element_type=\"column\" data-e-type=\"column\" data-settings=\"{&quot;background_background&quot;:&quot;classic&quot;,&quot;aos_animation_name&quot;:&quot;none&quot;}\">\n\t\t\t<div class=\"elementor-widget-wrap elementor-element-populated\">\n\t\t\t\t\t\t<div class=\"elementor-element elementor-element-dea0b6c elementor-widget-mobile__width-auto elementor-widget elementor-widget-vlt-spacer\" data-id=\"dea0b6c\" data-element_type=\"widget\" data-e-type=\"widget\" data-settings=\"{&quot;aos_animation_name&quot;:&quot;none&quot;}\" data-widget_type=\"vlt-spacer.default\">\n\t\t\t\t<div class=\"elementor-widget-container\">\n\t\t\t\t\t\n\t\t<div class=\"vlt-spacer\"><\/div>\n\n\t\t\t\t\t\t<\/div>\n\t\t\t\t<\/div>\n\t\t\t\t\t<\/div>\n\t\t<\/div>\n\t\t\t\t<div data-img-position=\"\" class=\"elementor-column elementor-col-50 elementor-top-column elementor-element elementor-element-1e03365\" data-id=\"1e03365\" data-element_type=\"column\" data-e-type=\"column\" data-settings=\"{&quot;background_background&quot;:&quot;classic&quot;,&quot;aos_animation_name&quot;:&quot;none&quot;}\">\n\t\t\t<div class=\"elementor-widget-wrap elementor-element-populated\">\n\t\t\t\t\t<div class=\"elementor-background-overlay\"><\/div>\n\t\t\t\t\t\t<div data-aos=\"custom\" data-aos-delay=\"100\" data-aos-once=\"true\" class=\"elementor-element elementor-element-7a668fa elementor-widget elementor-widget-vlt-section-title\" data-id=\"7a668fa\" data-element_type=\"widget\" data-e-type=\"widget\" data-settings=\"{&quot;aos_animation_name&quot;:&quot;custom&quot;}\" data-widget_type=\"vlt-section-title.default\">\n\t\t\t\t<div class=\"elementor-widget-container\">\n\t\t\t\t\t\n\t\t<div class=\"vlt-section-title\">\n\n\t\t\t\n\t\t\t\n\t\t\t\t<h2 class=\"vlt-section-title__heading \">\n\n\t\t\t\t\t\n\t\t\t\t\tChi siamo\n\t\t\t\t\t\n\t\t\t\t<\/h2>\n\n\t\t\t\n\t\t\t\n\t\t<\/div>\n\n\t\t\t\t\t<\/div>\n\t\t\t\t<\/div>\n\t\t\t\t<div class=\"elementor-element elementor-element-355eb82 elementor-widget__width-initial elementor-widget elementor-widget-vlt-spacer\" data-id=\"355eb82\" data-element_type=\"widget\" data-e-type=\"widget\" data-settings=\"{&quot;aos_animation_name&quot;:&quot;none&quot;}\" data-widget_type=\"vlt-spacer.default\">\n\t\t\t\t<div class=\"elementor-widget-container\">\n\t\t\t\t\t\n\t\t<div class=\"vlt-spacer\"><\/div>\n\n\t\t\t\t\t\t<\/div>\n\t\t\t\t<\/div>\n\t\t\t\t<div data-aos=\"custom\" data-aos-delay=\"200\" data-aos-once=\"true\" class=\"elementor-element elementor-element-71e1e8c elementor-widget__width-initial elementor-widget-mobile__width-initial elementor-widget elementor-widget-text-editor\" data-id=\"71e1e8c\" data-element_type=\"widget\" data-e-type=\"widget\" data-settings=\"{&quot;aos_animation_name&quot;:&quot;custom&quot;}\" data-widget_type=\"text-editor.default\">\n\t\t\t\t<div class=\"elementor-widget-container\">\n\t\t\t\t\t\t\t\t\t<p style=\"font-weight: 400;\">Il nome ArkiNeos nasce dalla fusione delle parole \u201carchitettura\u201d e \u201cneos\u201d, che in greco antico significa \u201cnuovo\u201d. Questa combinazione riflette perfettamente la nostra filosofia. Combiniamo l&#8217;esperienza e la tradizione dell&#8217;architettura con un approccio innovativo e contemporaneo. Il nostro obiettivo \u00e8 creare progetti che rispettino il patrimonio e l&#8217;ambiente, fornendo al contempo soluzioni moderne e sostenibili. ArkiNeos incarna il nostro impegno a costruire un futuro architettonico nuovo e rispettoso, ispirato alla natura e alla cultura.<\/p>\t\t\t\t\t\t\t\t<\/div>\n\t\t\t\t<\/div>\n\t\t\t\t<div class=\"elementor-element elementor-element-d69d060 elementor-widget elementor-widget-vlt-spacer\" data-id=\"d69d060\" data-element_type=\"widget\" data-e-type=\"widget\" data-settings=\"{&quot;aos_animation_name&quot;:&quot;none&quot;}\" data-widget_type=\"vlt-spacer.default\">\n\t\t\t\t<div class=\"elementor-widget-container\">\n\t\t\t\t\t\n\t\t<div class=\"vlt-spacer\"><\/div>\n\n\t\t\t\t\t\t<\/div>\n\t\t\t\t<\/div>\n\t\t\t\t\t<\/div>\n\t\t<\/div>\n\t\t\t\t\t<\/div>\n\t\t<\/section>\n\t\t\t\t<section data-img-position=\"\" class=\"elementor-section elementor-top-section elementor-element elementor-element-05cc8e6 elementor-section-content-middle elementor-section-height-min-height elementor-reverse-tablet elementor-reverse-mobile elementor-section-boxed elementor-section-height-default elementor-section-items-middle\" data-id=\"05cc8e6\" data-element_type=\"section\" data-e-type=\"section\" data-settings=\"{&quot;background_background&quot;:&quot;classic&quot;,&quot;aos_animation_name&quot;:&quot;none&quot;}\">\n\t\t\t\t\t\t<div class=\"elementor-container elementor-column-gap-extended\">\n\t\t\t\t\t<div data-img-position=\"\" class=\"elementor-column elementor-col-50 elementor-top-column elementor-element elementor-element-b20d892\" data-id=\"b20d892\" data-element_type=\"column\" data-e-type=\"column\" data-settings=\"{&quot;background_background&quot;:&quot;classic&quot;,&quot;aos_animation_name&quot;:&quot;none&quot;}\">\n\t\t\t<div class=\"elementor-widget-wrap elementor-element-populated\">\n\t\t\t\t\t\t<div data-aos=\"custom\" data-aos-delay=\"100\" data-aos-once=\"true\" class=\"elementor-element elementor-element-0c846a9 elementor-widget__width-initial elementor-widget elementor-widget-vlt-section-title\" data-id=\"0c846a9\" data-element_type=\"widget\" data-e-type=\"widget\" data-settings=\"{&quot;aos_animation_name&quot;:&quot;custom&quot;}\" data-widget_type=\"vlt-section-title.default\">\n\t\t\t\t<div class=\"elementor-widget-container\">\n\t\t\t\t\t\n\t\t<div class=\"vlt-section-title\">\n\n\t\t\t\n\t\t\t\n\t\t\t\t<h2 class=\"vlt-section-title__heading \">\n\n\t\t\t\t\t\n\t\t\t\t\tServizi\n\t\t\t\t\t\n\t\t\t\t<\/h2>\n\n\t\t\t\n\t\t\t\n\t\t<\/div>\n\n\t\t\t\t\t<\/div>\n\t\t\t\t<\/div>\n\t\t\t\t<div class=\"elementor-element elementor-element-c1e6b50 elementor-widget elementor-widget-vlt-spacer\" data-id=\"c1e6b50\" data-element_type=\"widget\" data-e-type=\"widget\" data-settings=\"{&quot;aos_animation_name&quot;:&quot;none&quot;}\" data-widget_type=\"vlt-spacer.default\">\n\t\t\t\t<div class=\"elementor-widget-container\">\n\t\t\t\t\t\n\t\t<div class=\"vlt-spacer\"><\/div>\n\n\t\t\t\t\t\t<\/div>\n\t\t\t\t<\/div>\n\t\t\t\t<div class=\"elementor-element elementor-element-c74abae elementor-widget elementor-widget-vlt-spacer\" data-id=\"c74abae\" data-element_type=\"widget\" data-e-type=\"widget\" data-settings=\"{&quot;aos_animation_name&quot;:&quot;none&quot;}\" data-widget_type=\"vlt-spacer.default\">\n\t\t\t\t<div class=\"elementor-widget-container\">\n\t\t\t\t\t\n\t\t<div class=\"vlt-spacer\"><\/div>\n\n\t\t\t\t\t\t<\/div>\n\t\t\t\t<\/div>\n\t\t\t\t<div data-aos=\"custom\" data-aos-delay=\"200\" data-aos-once=\"true\" class=\"elementor-element elementor-element-61b1069 elementor-widget__width-initial elementor-widget-mobile__width-initial elementor-widget elementor-widget-text-editor\" data-id=\"61b1069\" data-element_type=\"widget\" data-e-type=\"widget\" data-settings=\"{&quot;aos_animation_name&quot;:&quot;custom&quot;}\" data-widget_type=\"text-editor.default\">\n\t\t\t\t<div class=\"elementor-widget-container\">\n\t\t\t\t\t\t\t\t\t<p style=\"font-weight: 400;\">Offriamo una gamma di servizi in linea con le diverse prestazioni degli architetti in conformit\u00e0 alla norma SIA 102<\/p>\n<p style=\"font-weight: 400;\">Sviluppo di progetti e richieste di informazioni al pubblico.<\/p>\n<p style=\"font-weight: 400;\">Preparazione di gare d&#8217;appalto e gestione di lavori di costruzione.<\/p>\n<p style=\"font-weight: 400;\">Valutazioni immobiliari.<\/p>\n<p style=\"font-weight: 400;\">Valutazioni in caso di danni e\/o difetti di costruzione.<\/p>\n<p style=\"font-weight: 400;\">Assistenza al cliente attraverso il coordinamento dei vari appaltatori, il monitoraggio delle procedure di appalto pubblico, la gestione dei costi, delle scadenze e del project management.<\/p>\t\t\t\t\t\t\t\t<\/div>\n\t\t\t\t<\/div>\n\t\t\t\t\t<\/div>\n\t\t<\/div>\n\t\t\t\t<div data-img-position=\"\" class=\"elementor-column elementor-col-50 elementor-top-column elementor-element elementor-element-abe5637 jarallax has-stretch-block to-right\" data-id=\"abe5637\" data-element_type=\"column\" data-e-type=\"column\" data-settings=\"{&quot;background_background&quot;:&quot;classic&quot;,&quot;aos_animation_name&quot;:&quot;none&quot;}\">\n\t\t\t<div class=\"elementor-widget-wrap elementor-element-populated\">\n\t\t\t\t\t\t<div class=\"elementor-element elementor-element-a3794d3 elementor-widget elementor-widget-vlt-spacer\" data-id=\"a3794d3\" data-element_type=\"widget\" data-e-type=\"widget\" data-settings=\"{&quot;aos_animation_name&quot;:&quot;none&quot;}\" data-widget_type=\"vlt-spacer.default\">\n\t\t\t\t<div class=\"elementor-widget-container\">\n\t\t\t\t\t\n\t\t<div class=\"vlt-spacer\"><\/div>\n\n\t\t\t\t\t\t<\/div>\n\t\t\t\t<\/div>\n\t\t\t\t\t<\/div>\n\t\t<\/div>\n\t\t\t\t\t<\/div>\n\t\t<\/section>\n\t\t<div class=\"elementor-element elementor-element-d754ed2 e-con-full e-flex e-con e-parent\" data-id=\"d754ed2\" data-element_type=\"container\" data-e-type=\"container\" data-settings=\"{&quot;background_background&quot;:&quot;classic&quot;}\">\n\t\t<div class=\"elementor-element elementor-element-f8272a9 e-con-full e-flex e-con e-child\" data-id=\"f8272a9\" data-element_type=\"container\" data-e-type=\"container\">\n\t\t\t\t<div data-aos=\"custom\" data-aos-once=\"true\" class=\"elementor-element elementor-element-060eb27 elementor-widget elementor-widget-vlt-heading\" data-id=\"060eb27\" data-element_type=\"widget\" data-e-type=\"widget\" data-settings=\"{&quot;aos_animation_name&quot;:&quot;custom&quot;}\" data-widget_type=\"vlt-heading.default\">\n\t\t\t\t<div class=\"elementor-widget-container\">\n\t\t\t\t\t\n\t\t<div class=\"vlt-heading h6 vlt-is-stroke\" id=\"link-to-060eb27\">\n\n\t\t\t\t\t\t\t<a href=\"https:\/\/arkineos.ch\/contact\/\">\n\t\t\t\n\t\t\t\t\t\t\tContattateci \t\t\t\n\t\t\t\t\t\t\t<\/a>\n\t\t\t\n\t\t\t\n\t\t<\/div>\n\n\t\t\t\t\t<\/div>\n\t\t\t\t<\/div>\n\t\t\t\t<\/div>\n\t\t\t\t<\/div>\n\t\t<div class=\"elementor-element elementor-element-a5eba50 e-flex e-con-boxed e-con e-parent\" data-id=\"a5eba50\" data-element_type=\"container\" data-e-type=\"container\" data-settings=\"{&quot;position&quot;:&quot;absolute&quot;}\">\n\t\t\t\t\t<div class=\"e-con-inner\">\n\t\t\t\t\t<\/div>\n\t\t\t\t<\/div>\n\t\t\t\t<\/div>\n\t\t","protected":false},"excerpt":{"rendered":"<p>Arkineos Soluzioni architettoniche sostenibili, innovative e locali per un futuro migliore. Chi siamo Il nome ArkiNeos nasce dalla fusione delle parole \u201carchitettura\u201d e \u201cneos\u201d, che in greco antico significa \u201cnuovo\u201d. Questa combinazione riflette perfettamente la nostra filosofia. Combiniamo l&#8217;esperienza e la tradizione dell&#8217;architettura con un approccio innovativo e contemporaneo. Il nostro obiettivo \u00e8 creare progetti [&hellip;]<\/p>\n","protected":false},"author":1,"featured_media":30613,"parent":0,"menu_order":5,"comment_status":"closed","ping_status":"closed","template":"template-custom-page.php","meta":{"_acf_changed":false,"_monsterinsights_skip_tracking":false,"_monsterinsights_sitenote_active":false,"_monsterinsights_sitenote_note":"","_monsterinsights_sitenote_category":0,"_vp_format_video_url":"","_vp_image_focal_point":[],"footnotes":""},"class_list":["post-30787","page","type-page","status-publish","has-post-thumbnail","hentry"],"acf":[],"yoast_head":"<!-- This site is optimized with the Yoast SEO plugin v27.3 - https:\/\/yoast.com\/product\/yoast-seo-wordpress\/ -->\n<title>Solutions architecturales innovantes et locales | Arkineos<\/title>\n<meta name=\"description\" content=\"Arkineos offre des solutions architecturales innovantes et locales, alliant cr\u00e9ativit\u00e9 et durabilit\u00e9 pour des projets uniques et adapt\u00e9s \u00e0 chaque environnement.\" \/>\n<meta name=\"robots\" content=\"index, follow, max-snippet:-1, max-image-preview:large, max-video-preview:-1\" \/>\n<link rel=\"canonical\" href=\"https:\/\/arkineos.ch\/it\/\" \/>\n<meta property=\"og:locale\" content=\"it_IT\" \/>\n<meta property=\"og:type\" content=\"article\" \/>\n<meta property=\"og:title\" content=\"Solutions architecturales innovantes et locales | Arkineos\" \/>\n<meta property=\"og:description\" content=\"Arkineos offre des solutions architecturales innovantes et locales, alliant cr\u00e9ativit\u00e9 et durabilit\u00e9 pour des projets uniques et adapt\u00e9s \u00e0 chaque environnement.\" \/>\n<meta property=\"og:url\" content=\"https:\/\/arkineos.ch\/it\/\" \/>\n<meta property=\"og:site_name\" content=\"ArkiNeos\" \/>\n<meta property=\"article:publisher\" content=\"https:\/\/www.facebook.com\/profile.php?id=61561182989115\" \/>\n<meta property=\"article:modified_time\" content=\"2024-09-06T07:09:52+00:00\" \/>\n<meta name=\"twitter:card\" content=\"summary_large_image\" \/>\n<meta name=\"twitter:label1\" content=\"Tempo di lettura stimato\" \/>\n\t<meta name=\"twitter:data1\" content=\"2 minuti\" \/>\n<script type=\"application\/ld+json\" class=\"yoast-schema-graph\">{\"@context\":\"https:\\\/\\\/schema.org\",\"@graph\":[{\"@type\":\"WebPage\",\"@id\":\"https:\\\/\\\/arkineos.ch\\\/it\\\/\",\"url\":\"https:\\\/\\\/arkineos.ch\\\/it\\\/\",\"name\":\"Solutions architecturales innovantes et locales | Arkineos\",\"isPartOf\":{\"@id\":\"https:\\\/\\\/arkineos.ch\\\/it\\\/#website\"},\"primaryImageOfPage\":{\"@id\":\"https:\\\/\\\/arkineos.ch\\\/it\\\/#primaryimage\"},\"image\":{\"@id\":\"https:\\\/\\\/arkineos.ch\\\/it\\\/#primaryimage\"},\"thumbnailUrl\":\"https:\\\/\\\/arkineos.ch\\\/wp-content\\\/uploads\\\/2024\\\/03\\\/logoRound.svg\",\"datePublished\":\"2021-12-02T07:30:14+00:00\",\"dateModified\":\"2024-09-06T07:09:52+00:00\",\"description\":\"Arkineos offre des solutions architecturales innovantes et locales, alliant cr\u00e9ativit\u00e9 et durabilit\u00e9 pour des projets uniques et adapt\u00e9s \u00e0 chaque environnement.\",\"breadcrumb\":{\"@id\":\"https:\\\/\\\/arkineos.ch\\\/it\\\/#breadcrumb\"},\"inLanguage\":\"it-IT\",\"potentialAction\":[{\"@type\":\"ReadAction\",\"target\":[\"https:\\\/\\\/arkineos.ch\\\/it\\\/\"]}]},{\"@type\":\"ImageObject\",\"inLanguage\":\"it-IT\",\"@id\":\"https:\\\/\\\/arkineos.ch\\\/it\\\/#primaryimage\",\"url\":\"https:\\\/\\\/arkineos.ch\\\/wp-content\\\/uploads\\\/2024\\\/03\\\/logoRound.svg\",\"contentUrl\":\"https:\\\/\\\/arkineos.ch\\\/wp-content\\\/uploads\\\/2024\\\/03\\\/logoRound.svg\",\"width\":512,\"height\":512,\"caption\":\"logoRound\"},{\"@type\":\"BreadcrumbList\",\"@id\":\"https:\\\/\\\/arkineos.ch\\\/it\\\/#breadcrumb\",\"itemListElement\":[{\"@type\":\"ListItem\",\"position\":1,\"name\":\"Accueil\",\"item\":\"https:\\\/\\\/arkineos.ch\\\/it\\\/\"},{\"@type\":\"ListItem\",\"position\":2,\"name\":\"Casa\"}]},{\"@type\":\"WebSite\",\"@id\":\"https:\\\/\\\/arkineos.ch\\\/it\\\/#website\",\"url\":\"https:\\\/\\\/arkineos.ch\\\/it\\\/\",\"name\":\"ArkiNeos\",\"description\":\"\",\"publisher\":{\"@id\":\"https:\\\/\\\/arkineos.ch\\\/it\\\/#organization\"},\"potentialAction\":[{\"@type\":\"SearchAction\",\"target\":{\"@type\":\"EntryPoint\",\"urlTemplate\":\"https:\\\/\\\/arkineos.ch\\\/it\\\/?s={search_term_string}\"},\"query-input\":{\"@type\":\"PropertyValueSpecification\",\"valueRequired\":true,\"valueName\":\"search_term_string\"}}],\"inLanguage\":\"it-IT\"},{\"@type\":\"Organization\",\"@id\":\"https:\\\/\\\/arkineos.ch\\\/it\\\/#organization\",\"name\":\"ArkiNeos\",\"url\":\"https:\\\/\\\/arkineos.ch\\\/it\\\/\",\"logo\":{\"@type\":\"ImageObject\",\"inLanguage\":\"it-IT\",\"@id\":\"https:\\\/\\\/arkineos.ch\\\/it\\\/#\\\/schema\\\/logo\\\/image\\\/\",\"url\":\"https:\\\/\\\/arkineos.ch\\\/wp-content\\\/uploads\\\/2024\\\/03\\\/logoRound.svg\",\"contentUrl\":\"https:\\\/\\\/arkineos.ch\\\/wp-content\\\/uploads\\\/2024\\\/03\\\/logoRound.svg\",\"width\":512,\"height\":512,\"caption\":\"ArkiNeos\"},\"image\":{\"@id\":\"https:\\\/\\\/arkineos.ch\\\/it\\\/#\\\/schema\\\/logo\\\/image\\\/\"},\"sameAs\":[\"https:\\\/\\\/www.facebook.com\\\/profile.php?id=61561182989115\",\"https:\\\/\\\/www.instagram.com\\\/_arkineos\\\/\"]}]}<\/script>\n<!-- \/ Yoast SEO plugin. -->","yoast_head_json":{"title":"Solutions architecturales innovantes et locales | Arkineos","description":"Arkineos offre des solutions architecturales innovantes et locales, alliant cr\u00e9ativit\u00e9 et durabilit\u00e9 pour des projets uniques et adapt\u00e9s \u00e0 chaque environnement.","robots":{"index":"index","follow":"follow","max-snippet":"max-snippet:-1","max-image-preview":"max-image-preview:large","max-video-preview":"max-video-preview:-1"},"canonical":"https:\/\/arkineos.ch\/it\/","og_locale":"it_IT","og_type":"article","og_title":"Solutions architecturales innovantes et locales | Arkineos","og_description":"Arkineos offre des solutions architecturales innovantes et locales, alliant cr\u00e9ativit\u00e9 et durabilit\u00e9 pour des projets uniques et adapt\u00e9s \u00e0 chaque environnement.","og_url":"https:\/\/arkineos.ch\/it\/","og_site_name":"ArkiNeos","article_publisher":"https:\/\/www.facebook.com\/profile.php?id=61561182989115","article_modified_time":"2024-09-06T07:09:52+00:00","twitter_card":"summary_large_image","twitter_misc":{"Tempo di lettura stimato":"2 minuti"},"schema":{"@context":"https:\/\/schema.org","@graph":[{"@type":"WebPage","@id":"https:\/\/arkineos.ch\/it\/","url":"https:\/\/arkineos.ch\/it\/","name":"Solutions architecturales innovantes et locales | Arkineos","isPartOf":{"@id":"https:\/\/arkineos.ch\/it\/#website"},"primaryImageOfPage":{"@id":"https:\/\/arkineos.ch\/it\/#primaryimage"},"image":{"@id":"https:\/\/arkineos.ch\/it\/#primaryimage"},"thumbnailUrl":"https:\/\/arkineos.ch\/wp-content\/uploads\/2024\/03\/logoRound.svg","datePublished":"2021-12-02T07:30:14+00:00","dateModified":"2024-09-06T07:09:52+00:00","description":"Arkineos offre des solutions architecturales innovantes et locales, alliant cr\u00e9ativit\u00e9 et durabilit\u00e9 pour des projets uniques et adapt\u00e9s \u00e0 chaque environnement.","breadcrumb":{"@id":"https:\/\/arkineos.ch\/it\/#breadcrumb"},"inLanguage":"it-IT","potentialAction":[{"@type":"ReadAction","target":["https:\/\/arkineos.ch\/it\/"]}]},{"@type":"ImageObject","inLanguage":"it-IT","@id":"https:\/\/arkineos.ch\/it\/#primaryimage","url":"https:\/\/arkineos.ch\/wp-content\/uploads\/2024\/03\/logoRound.svg","contentUrl":"https:\/\/arkineos.ch\/wp-content\/uploads\/2024\/03\/logoRound.svg","width":512,"height":512,"caption":"logoRound"},{"@type":"BreadcrumbList","@id":"https:\/\/arkineos.ch\/it\/#breadcrumb","itemListElement":[{"@type":"ListItem","position":1,"name":"Accueil","item":"https:\/\/arkineos.ch\/it\/"},{"@type":"ListItem","position":2,"name":"Casa"}]},{"@type":"WebSite","@id":"https:\/\/arkineos.ch\/it\/#website","url":"https:\/\/arkineos.ch\/it\/","name":"ArkiNeos","description":"","publisher":{"@id":"https:\/\/arkineos.ch\/it\/#organization"},"potentialAction":[{"@type":"SearchAction","target":{"@type":"EntryPoint","urlTemplate":"https:\/\/arkineos.ch\/it\/?s={search_term_string}"},"query-input":{"@type":"PropertyValueSpecification","valueRequired":true,"valueName":"search_term_string"}}],"inLanguage":"it-IT"},{"@type":"Organization","@id":"https:\/\/arkineos.ch\/it\/#organization","name":"ArkiNeos","url":"https:\/\/arkineos.ch\/it\/","logo":{"@type":"ImageObject","inLanguage":"it-IT","@id":"https:\/\/arkineos.ch\/it\/#\/schema\/logo\/image\/","url":"https:\/\/arkineos.ch\/wp-content\/uploads\/2024\/03\/logoRound.svg","contentUrl":"https:\/\/arkineos.ch\/wp-content\/uploads\/2024\/03\/logoRound.svg","width":512,"height":512,"caption":"ArkiNeos"},"image":{"@id":"https:\/\/arkineos.ch\/it\/#\/schema\/logo\/image\/"},"sameAs":["https:\/\/www.facebook.com\/profile.php?id=61561182989115","https:\/\/www.instagram.com\/_arkineos\/"]}]}},"_links":{"self":[{"href":"https:\/\/arkineos.ch\/it\/wp-json\/wp\/v2\/pages\/30787","targetHints":{"allow":["GET"]}}],"collection":[{"href":"https:\/\/arkineos.ch\/it\/wp-json\/wp\/v2\/pages"}],"about":[{"href":"https:\/\/arkineos.ch\/it\/wp-json\/wp\/v2\/types\/page"}],"author":[{"embeddable":true,"href":"https:\/\/arkineos.ch\/it\/wp-json\/wp\/v2\/users\/1"}],"replies":[{"embeddable":true,"href":"https:\/\/arkineos.ch\/it\/wp-json\/wp\/v2\/comments?post=30787"}],"version-history":[{"count":11,"href":"https:\/\/arkineos.ch\/it\/wp-json\/wp\/v2\/pages\/30787\/revisions"}],"predecessor-version":[{"id":30932,"href":"https:\/\/arkineos.ch\/it\/wp-json\/wp\/v2\/pages\/30787\/revisions\/30932"}],"wp:featuredmedia":[{"embeddable":true,"href":"https:\/\/arkineos.ch\/it\/wp-json\/wp\/v2\/media\/30613"}],"wp:attachment":[{"href":"https:\/\/arkineos.ch\/it\/wp-json\/wp\/v2\/media?parent=30787"}],"curies":[{"name":"wp","href":"https:\/\/api.w.org\/{rel}","templated":true}]}}