{"id":30786,"date":"2021-12-02T08:30:14","date_gmt":"2021-12-02T07:30:14","guid":{"rendered":"https:\/\/arkineos.ch\/home\/"},"modified":"2024-09-06T09:09:28","modified_gmt":"2024-09-06T07:09:28","slug":"home","status":"publish","type":"page","link":"https:\/\/arkineos.ch\/en\/","title":{"rendered":"Home"},"content":{"rendered":"\t\t<div data-elementor-type=\"wp-page\" data-elementor-id=\"30786\" class=\"elementor elementor-30786 elementor-4133\" data-elementor-post-type=\"page\">\n\t\t\t\t\t\t<section data-img-position=\"\" class=\"elementor-section elementor-top-section elementor-element elementor-element-079aabd elementor-section-height-min-height elementor-section-items-stretch elementor-reverse-tablet elementor-reverse-mobile elementor-section-full_width elementor-section-height-default\" data-id=\"079aabd\" data-element_type=\"section\" data-e-type=\"section\" data-settings=\"{&quot;background_background&quot;:&quot;classic&quot;,&quot;aos_animation_name&quot;:&quot;none&quot;}\">\n\t\t\t\t\t\t<div class=\"elementor-container elementor-column-gap-extended\">\n\t\t\t\t\t<div data-img-position=\"\" class=\"elementor-column elementor-col-50 elementor-top-column elementor-element elementor-element-6fcc1ec\" data-id=\"6fcc1ec\" data-element_type=\"column\" data-e-type=\"column\" data-settings=\"{&quot;aos_animation_name&quot;:&quot;none&quot;}\">\n\t\t\t<div class=\"elementor-widget-wrap elementor-element-populated\">\n\t\t\t\t\t\t<div data-aos=\"slide-up\" data-aos-once=\"true\" class=\"elementor-element elementor-element-3ed3f62 elementor-widget elementor-widget-vlt-section-title\" data-id=\"3ed3f62\" data-element_type=\"widget\" data-e-type=\"widget\" data-settings=\"{&quot;aos_animation_name&quot;:&quot;slide-up&quot;}\" data-widget_type=\"vlt-section-title.default\">\n\t\t\t\t<div class=\"elementor-widget-container\">\n\t\t\t\t\t\n\t\t<div class=\"vlt-section-title\">\n\n\t\t\t\n\t\t\t\n\t\t\t\t<span class=\"vlt-section-title__heading \">\n\n\t\t\t\t\t\n\t\t\t\t\tArkineos\n\t\t\t\t\t\n\t\t\t\t<\/span>\n\n\t\t\t\n\t\t\t\n\t\t<\/div>\n\n\t\t\t\t\t<\/div>\n\t\t\t\t<\/div>\n\t\t\t\t<div class=\"elementor-element elementor-element-8a3cefd elementor-widget elementor-widget-vlt-spacer\" data-id=\"8a3cefd\" data-element_type=\"widget\" data-e-type=\"widget\" data-settings=\"{&quot;aos_animation_name&quot;:&quot;none&quot;}\" data-widget_type=\"vlt-spacer.default\">\n\t\t\t\t<div class=\"elementor-widget-container\">\n\t\t\t\t\t\n\t\t<div class=\"vlt-spacer\"><\/div>\n\n\t\t\t\t\t\t<\/div>\n\t\t\t\t<\/div>\n\t\t\t\t<div data-aos=\"fade\" data-aos-delay=\"100\" data-aos-once=\"true\" class=\"elementor-element elementor-element-fb37ab9 elementor-widget__width-initial elementor-widget-mobile__width-initial elementor-widget elementor-widget-text-editor\" data-id=\"fb37ab9\" data-element_type=\"widget\" data-e-type=\"widget\" data-settings=\"{&quot;aos_animation_name&quot;:&quot;fade&quot;}\" data-widget_type=\"text-editor.default\">\n\t\t\t\t<div class=\"elementor-widget-container\">\n\t\t\t\t\t\t\t\t\t<p><span style=\"font-size: 18px;\">Sustainable, innovative and local architectural solutions for a better future.<\/span><\/p>\t\t\t\t\t\t\t\t<\/div>\n\t\t\t\t<\/div>\n\t\t\t\t<div class=\"elementor-element elementor-element-937450b elementor-widget elementor-widget-vlt-spacer\" data-id=\"937450b\" data-element_type=\"widget\" data-e-type=\"widget\" data-settings=\"{&quot;aos_animation_name&quot;:&quot;none&quot;}\" data-widget_type=\"vlt-spacer.default\">\n\t\t\t\t<div class=\"elementor-widget-container\">\n\t\t\t\t\t\n\t\t<div class=\"vlt-spacer\"><\/div>\n\n\t\t\t\t\t\t<\/div>\n\t\t\t\t<\/div>\n\t\t\t\t<div class=\"elementor-element elementor-element-0c8ef81 elementor-widget elementor-widget-vlt-spacer\" data-id=\"0c8ef81\" data-element_type=\"widget\" data-e-type=\"widget\" data-settings=\"{&quot;aos_animation_name&quot;:&quot;none&quot;}\" data-widget_type=\"vlt-spacer.default\">\n\t\t\t\t<div class=\"elementor-widget-container\">\n\t\t\t\t\t\n\t\t<div class=\"vlt-spacer\"><\/div>\n\n\t\t\t\t\t\t<\/div>\n\t\t\t\t<\/div>\n\t\t\t\t\t<\/div>\n\t\t<\/div>\n\t\t\t\t<div data-jarallax-video=\"\" data-speed=\"0\" data-img-position=\"\" class=\"elementor-column elementor-col-50 elementor-top-column elementor-element elementor-element-a0437b9 has-stretch-block to-right has-reset-mobile jarallax\" data-id=\"a0437b9\" data-element_type=\"column\" data-e-type=\"column\" data-settings=\"{&quot;background_background&quot;:&quot;classic&quot;,&quot;aos_animation_name&quot;:&quot;none&quot;}\">\n\t\t\t<div class=\"elementor-widget-wrap elementor-element-populated\">\n\t\t\t\t\t\t<div class=\"elementor-element elementor-element-70d9238 elementor-widget elementor-widget-vlt-spacer\" data-id=\"70d9238\" data-element_type=\"widget\" data-e-type=\"widget\" data-settings=\"{&quot;aos_animation_name&quot;:&quot;none&quot;}\" data-widget_type=\"vlt-spacer.default\">\n\t\t\t\t<div class=\"elementor-widget-container\">\n\t\t\t\t\t\n\t\t<div class=\"vlt-spacer\"><\/div>\n\n\t\t\t\t\t\t<\/div>\n\t\t\t\t<\/div>\n\t\t\t\t\t<\/div>\n\t\t<\/div>\n\t\t\t\t\t<\/div>\n\t\t<\/section>\n\t\t\t\t<section data-img-position=\"\" class=\"elementor-section elementor-top-section elementor-element elementor-element-bd540f0 elementor-section-content-middle has-vertical-lines elementor-section-full_width elementor-section-height-default elementor-section-height-default\" data-id=\"bd540f0\" data-element_type=\"section\" data-e-type=\"section\" id=\"next\" data-settings=\"{&quot;background_background&quot;:&quot;classic&quot;,&quot;aos_animation_name&quot;:&quot;none&quot;}\">\n\t\t\t\t\t\t<div class=\"elementor-container elementor-column-gap-extended\">\n\t\t\t\t\t<div data-img-position=\"\" class=\"elementor-column elementor-col-50 elementor-top-column elementor-element elementor-element-8166634 jarallax has-stretch-block to-left\" data-id=\"8166634\" data-element_type=\"column\" data-e-type=\"column\" data-settings=\"{&quot;background_background&quot;:&quot;classic&quot;,&quot;aos_animation_name&quot;:&quot;none&quot;}\">\n\t\t\t<div class=\"elementor-widget-wrap elementor-element-populated\">\n\t\t\t\t\t\t<div class=\"elementor-element elementor-element-dea0b6c elementor-widget-mobile__width-auto elementor-widget elementor-widget-vlt-spacer\" data-id=\"dea0b6c\" data-element_type=\"widget\" data-e-type=\"widget\" data-settings=\"{&quot;aos_animation_name&quot;:&quot;none&quot;}\" data-widget_type=\"vlt-spacer.default\">\n\t\t\t\t<div class=\"elementor-widget-container\">\n\t\t\t\t\t\n\t\t<div class=\"vlt-spacer\"><\/div>\n\n\t\t\t\t\t\t<\/div>\n\t\t\t\t<\/div>\n\t\t\t\t\t<\/div>\n\t\t<\/div>\n\t\t\t\t<div data-img-position=\"\" class=\"elementor-column elementor-col-50 elementor-top-column elementor-element elementor-element-1e03365\" data-id=\"1e03365\" data-element_type=\"column\" data-e-type=\"column\" data-settings=\"{&quot;background_background&quot;:&quot;classic&quot;,&quot;aos_animation_name&quot;:&quot;none&quot;}\">\n\t\t\t<div class=\"elementor-widget-wrap elementor-element-populated\">\n\t\t\t\t\t<div class=\"elementor-background-overlay\"><\/div>\n\t\t\t\t\t\t<div data-aos=\"custom\" data-aos-delay=\"100\" data-aos-once=\"true\" class=\"elementor-element elementor-element-7a668fa elementor-widget elementor-widget-vlt-section-title\" data-id=\"7a668fa\" data-element_type=\"widget\" data-e-type=\"widget\" data-settings=\"{&quot;aos_animation_name&quot;:&quot;custom&quot;}\" data-widget_type=\"vlt-section-title.default\">\n\t\t\t\t<div class=\"elementor-widget-container\">\n\t\t\t\t\t\n\t\t<div class=\"vlt-section-title\">\n\n\t\t\t\n\t\t\t\n\t\t\t\t<h2 class=\"vlt-section-title__heading \">\n\n\t\t\t\t\t\n\t\t\t\t\tAbout us\n\t\t\t\t\t\n\t\t\t\t<\/h2>\n\n\t\t\t\n\t\t\t\n\t\t<\/div>\n\n\t\t\t\t\t<\/div>\n\t\t\t\t<\/div>\n\t\t\t\t<div class=\"elementor-element elementor-element-355eb82 elementor-widget__width-initial elementor-widget elementor-widget-vlt-spacer\" data-id=\"355eb82\" data-element_type=\"widget\" data-e-type=\"widget\" data-settings=\"{&quot;aos_animation_name&quot;:&quot;none&quot;}\" data-widget_type=\"vlt-spacer.default\">\n\t\t\t\t<div class=\"elementor-widget-container\">\n\t\t\t\t\t\n\t\t<div class=\"vlt-spacer\"><\/div>\n\n\t\t\t\t\t\t<\/div>\n\t\t\t\t<\/div>\n\t\t\t\t<div data-aos=\"custom\" data-aos-delay=\"200\" data-aos-once=\"true\" class=\"elementor-element elementor-element-71e1e8c elementor-widget__width-initial elementor-widget-mobile__width-initial elementor-widget elementor-widget-text-editor\" data-id=\"71e1e8c\" data-element_type=\"widget\" data-e-type=\"widget\" data-settings=\"{&quot;aos_animation_name&quot;:&quot;custom&quot;}\" data-widget_type=\"text-editor.default\">\n\t\t\t\t<div class=\"elementor-widget-container\">\n\t\t\t\t\t\t\t\t\t<p style=\"font-weight: 400;\">The name ArkiNeos comes from the fusion of the words \u2018architecture\u2019 and \u2018neos\u2019, which means \u2018new\u2019 in ancient Greek. This combination perfectly reflects our philosophy. We combine the experience and tradition of architecture with an innovative and contemporary approach. Our aim is to create projects that respect heritage and the environment, while providing modern and sustainable solutions. ArkiNeos embodies our commitment to building a new and respectful architectural future, inspired by nature and culture.<\/p>\t\t\t\t\t\t\t\t<\/div>\n\t\t\t\t<\/div>\n\t\t\t\t<div class=\"elementor-element elementor-element-d69d060 elementor-widget elementor-widget-vlt-spacer\" data-id=\"d69d060\" data-element_type=\"widget\" data-e-type=\"widget\" data-settings=\"{&quot;aos_animation_name&quot;:&quot;none&quot;}\" data-widget_type=\"vlt-spacer.default\">\n\t\t\t\t<div class=\"elementor-widget-container\">\n\t\t\t\t\t\n\t\t<div class=\"vlt-spacer\"><\/div>\n\n\t\t\t\t\t\t<\/div>\n\t\t\t\t<\/div>\n\t\t\t\t\t<\/div>\n\t\t<\/div>\n\t\t\t\t\t<\/div>\n\t\t<\/section>\n\t\t\t\t<section data-img-position=\"\" class=\"elementor-section elementor-top-section elementor-element elementor-element-05cc8e6 elementor-section-content-middle elementor-section-height-min-height elementor-reverse-tablet elementor-reverse-mobile elementor-section-boxed elementor-section-height-default elementor-section-items-middle\" data-id=\"05cc8e6\" data-element_type=\"section\" data-e-type=\"section\" data-settings=\"{&quot;background_background&quot;:&quot;classic&quot;,&quot;aos_animation_name&quot;:&quot;none&quot;}\">\n\t\t\t\t\t\t<div class=\"elementor-container elementor-column-gap-extended\">\n\t\t\t\t\t<div data-img-position=\"\" class=\"elementor-column elementor-col-50 elementor-top-column elementor-element elementor-element-b20d892\" data-id=\"b20d892\" data-element_type=\"column\" data-e-type=\"column\" data-settings=\"{&quot;background_background&quot;:&quot;classic&quot;,&quot;aos_animation_name&quot;:&quot;none&quot;}\">\n\t\t\t<div class=\"elementor-widget-wrap elementor-element-populated\">\n\t\t\t\t\t\t<div data-aos=\"custom\" data-aos-delay=\"100\" data-aos-once=\"true\" class=\"elementor-element elementor-element-0c846a9 elementor-widget__width-initial elementor-widget elementor-widget-vlt-section-title\" data-id=\"0c846a9\" data-element_type=\"widget\" data-e-type=\"widget\" data-settings=\"{&quot;aos_animation_name&quot;:&quot;custom&quot;}\" data-widget_type=\"vlt-section-title.default\">\n\t\t\t\t<div class=\"elementor-widget-container\">\n\t\t\t\t\t\n\t\t<div class=\"vlt-section-title\">\n\n\t\t\t\n\t\t\t\n\t\t\t\t<h2 class=\"vlt-section-title__heading \">\n\n\t\t\t\t\t\n\t\t\t\t\tServices\n\t\t\t\t\t\n\t\t\t\t<\/h2>\n\n\t\t\t\n\t\t\t\n\t\t<\/div>\n\n\t\t\t\t\t<\/div>\n\t\t\t\t<\/div>\n\t\t\t\t<div class=\"elementor-element elementor-element-c1e6b50 elementor-widget elementor-widget-vlt-spacer\" data-id=\"c1e6b50\" data-element_type=\"widget\" data-e-type=\"widget\" data-settings=\"{&quot;aos_animation_name&quot;:&quot;none&quot;}\" data-widget_type=\"vlt-spacer.default\">\n\t\t\t\t<div class=\"elementor-widget-container\">\n\t\t\t\t\t\n\t\t<div class=\"vlt-spacer\"><\/div>\n\n\t\t\t\t\t\t<\/div>\n\t\t\t\t<\/div>\n\t\t\t\t<div class=\"elementor-element elementor-element-c74abae elementor-widget elementor-widget-vlt-spacer\" data-id=\"c74abae\" data-element_type=\"widget\" data-e-type=\"widget\" data-settings=\"{&quot;aos_animation_name&quot;:&quot;none&quot;}\" data-widget_type=\"vlt-spacer.default\">\n\t\t\t\t<div class=\"elementor-widget-container\">\n\t\t\t\t\t\n\t\t<div class=\"vlt-spacer\"><\/div>\n\n\t\t\t\t\t\t<\/div>\n\t\t\t\t<\/div>\n\t\t\t\t<div data-aos=\"custom\" data-aos-delay=\"200\" data-aos-once=\"true\" class=\"elementor-element elementor-element-61b1069 elementor-widget__width-initial elementor-widget-mobile__width-initial elementor-widget elementor-widget-text-editor\" data-id=\"61b1069\" data-element_type=\"widget\" data-e-type=\"widget\" data-settings=\"{&quot;aos_animation_name&quot;:&quot;custom&quot;}\" data-widget_type=\"text-editor.default\">\n\t\t\t\t<div class=\"elementor-widget-container\">\n\t\t\t\t\t\t\t\t\t<p style=\"font-weight: 400;\">We offer a range of services in line with the different services of architects in accordance with SIA 102.<\/p><p>Project development and public enquiries.<\/p><p>Preparation of tenders and management of construction work.<\/p><p>Property evaluations.<\/p><p>Assessments in the event of damage and\/or construction defects.<\/p><p style=\"font-weight: 400;\">Client support through coordination of various contractors, monitoring of public procurement procedures, cost and schedule management and project management.<\/p>\t\t\t\t\t\t\t\t<\/div>\n\t\t\t\t<\/div>\n\t\t\t\t\t<\/div>\n\t\t<\/div>\n\t\t\t\t<div data-img-position=\"\" class=\"elementor-column elementor-col-50 elementor-top-column elementor-element elementor-element-abe5637 jarallax has-stretch-block to-right\" data-id=\"abe5637\" data-element_type=\"column\" data-e-type=\"column\" data-settings=\"{&quot;background_background&quot;:&quot;classic&quot;,&quot;aos_animation_name&quot;:&quot;none&quot;}\">\n\t\t\t<div class=\"elementor-widget-wrap elementor-element-populated\">\n\t\t\t\t\t\t<div class=\"elementor-element elementor-element-a3794d3 elementor-widget elementor-widget-vlt-spacer\" data-id=\"a3794d3\" data-element_type=\"widget\" data-e-type=\"widget\" data-settings=\"{&quot;aos_animation_name&quot;:&quot;none&quot;}\" data-widget_type=\"vlt-spacer.default\">\n\t\t\t\t<div class=\"elementor-widget-container\">\n\t\t\t\t\t\n\t\t<div class=\"vlt-spacer\"><\/div>\n\n\t\t\t\t\t\t<\/div>\n\t\t\t\t<\/div>\n\t\t\t\t\t<\/div>\n\t\t<\/div>\n\t\t\t\t\t<\/div>\n\t\t<\/section>\n\t\t<div class=\"elementor-element elementor-element-d754ed2 e-con-full e-flex e-con e-parent\" data-id=\"d754ed2\" data-element_type=\"container\" data-e-type=\"container\" data-settings=\"{&quot;background_background&quot;:&quot;classic&quot;}\">\n\t\t<div class=\"elementor-element elementor-element-f8272a9 e-con-full e-flex e-con e-child\" data-id=\"f8272a9\" data-element_type=\"container\" data-e-type=\"container\">\n\t\t\t\t<div data-aos=\"custom\" data-aos-once=\"true\" class=\"elementor-element elementor-element-060eb27 elementor-widget elementor-widget-vlt-heading\" data-id=\"060eb27\" data-element_type=\"widget\" data-e-type=\"widget\" data-settings=\"{&quot;aos_animation_name&quot;:&quot;custom&quot;}\" data-widget_type=\"vlt-heading.default\">\n\t\t\t\t<div class=\"elementor-widget-container\">\n\t\t\t\t\t\n\t\t<div class=\"vlt-heading h6 vlt-is-stroke\" id=\"link-to-060eb27\">\n\n\t\t\t\t\t\t\t<a href=\"https:\/\/arkineos.ch\/contact\/\">\n\t\t\t\n\t\t\t\t\t\t\tContact us\t\t\t\n\t\t\t\t\t\t\t<\/a>\n\t\t\t\n\t\t\t\n\t\t<\/div>\n\n\t\t\t\t\t<\/div>\n\t\t\t\t<\/div>\n\t\t\t\t<\/div>\n\t\t\t\t<\/div>\n\t\t<div class=\"elementor-element elementor-element-a5eba50 e-flex e-con-boxed e-con e-parent\" data-id=\"a5eba50\" data-element_type=\"container\" data-e-type=\"container\" data-settings=\"{&quot;position&quot;:&quot;absolute&quot;}\">\n\t\t\t\t\t<div class=\"e-con-inner\">\n\t\t\t\t\t<\/div>\n\t\t\t\t<\/div>\n\t\t\t\t<\/div>\n\t\t","protected":false},"excerpt":{"rendered":"<p>Arkineos Sustainable, innovative and local architectural solutions for a better future. About us The name ArkiNeos comes from the fusion of the words \u2018architecture\u2019 and \u2018neos\u2019, which means \u2018new\u2019 in ancient Greek. This combination perfectly reflects our philosophy. We combine the experience and tradition of architecture with an innovative and contemporary approach. Our aim is [&hellip;]<\/p>\n","protected":false},"author":1,"featured_media":30612,"parent":0,"menu_order":5,"comment_status":"closed","ping_status":"closed","template":"template-custom-page.php","meta":{"_acf_changed":false,"_monsterinsights_skip_tracking":false,"_monsterinsights_sitenote_active":false,"_monsterinsights_sitenote_note":"","_monsterinsights_sitenote_category":0,"_vp_format_video_url":"","_vp_image_focal_point":[],"footnotes":""},"class_list":["post-30786","page","type-page","status-publish","has-post-thumbnail","hentry"],"acf":[],"yoast_head":"<!-- This site is optimized with the Yoast SEO plugin v27.5 - https:\/\/yoast.com\/product\/yoast-seo-wordpress\/ -->\n<title>Solutions architecturales innovantes et locales | Arkineos<\/title>\n<meta name=\"description\" content=\"Arkineos offre des solutions architecturales innovantes et locales, alliant cr\u00e9ativit\u00e9 et durabilit\u00e9 pour des projets uniques et adapt\u00e9s \u00e0 chaque environnement.\" \/>\n<meta name=\"robots\" content=\"index, follow, max-snippet:-1, max-image-preview:large, max-video-preview:-1\" \/>\n<link rel=\"canonical\" href=\"https:\/\/arkineos.ch\/en\/\" \/>\n<meta property=\"og:locale\" content=\"en_US\" \/>\n<meta property=\"og:type\" content=\"article\" \/>\n<meta property=\"og:title\" content=\"Solutions architecturales innovantes et locales | Arkineos\" \/>\n<meta property=\"og:description\" content=\"Arkineos offre des solutions architecturales innovantes et locales, alliant cr\u00e9ativit\u00e9 et durabilit\u00e9 pour des projets uniques et adapt\u00e9s \u00e0 chaque environnement.\" \/>\n<meta property=\"og:url\" content=\"https:\/\/arkineos.ch\/en\/\" \/>\n<meta property=\"og:site_name\" content=\"ArkiNeos\" \/>\n<meta property=\"article:publisher\" content=\"https:\/\/www.facebook.com\/profile.php?id=61561182989115\" \/>\n<meta property=\"article:modified_time\" content=\"2024-09-06T07:09:28+00:00\" \/>\n<meta name=\"twitter:card\" content=\"summary_large_image\" \/>\n<meta name=\"twitter:label1\" content=\"Est. reading time\" \/>\n\t<meta name=\"twitter:data1\" content=\"1 minute\" \/>\n<script type=\"application\/ld+json\" class=\"yoast-schema-graph\">{\"@context\":\"https:\\\/\\\/schema.org\",\"@graph\":[{\"@type\":\"WebPage\",\"@id\":\"https:\\\/\\\/arkineos.ch\\\/en\\\/\",\"url\":\"https:\\\/\\\/arkineos.ch\\\/en\\\/\",\"name\":\"Solutions architecturales innovantes et locales | Arkineos\",\"isPartOf\":{\"@id\":\"https:\\\/\\\/arkineos.ch\\\/en\\\/#website\"},\"primaryImageOfPage\":{\"@id\":\"https:\\\/\\\/arkineos.ch\\\/en\\\/#primaryimage\"},\"image\":{\"@id\":\"https:\\\/\\\/arkineos.ch\\\/en\\\/#primaryimage\"},\"thumbnailUrl\":\"https:\\\/\\\/arkineos.ch\\\/wp-content\\\/uploads\\\/2024\\\/03\\\/logoRound.svg\",\"datePublished\":\"2021-12-02T07:30:14+00:00\",\"dateModified\":\"2024-09-06T07:09:28+00:00\",\"description\":\"Arkineos offre des solutions architecturales innovantes et locales, alliant cr\u00e9ativit\u00e9 et durabilit\u00e9 pour des projets uniques et adapt\u00e9s \u00e0 chaque environnement.\",\"breadcrumb\":{\"@id\":\"https:\\\/\\\/arkineos.ch\\\/en\\\/#breadcrumb\"},\"inLanguage\":\"en-US\",\"potentialAction\":[{\"@type\":\"ReadAction\",\"target\":[\"https:\\\/\\\/arkineos.ch\\\/en\\\/\"]}]},{\"@type\":\"ImageObject\",\"inLanguage\":\"en-US\",\"@id\":\"https:\\\/\\\/arkineos.ch\\\/en\\\/#primaryimage\",\"url\":\"https:\\\/\\\/arkineos.ch\\\/wp-content\\\/uploads\\\/2024\\\/03\\\/logoRound.svg\",\"contentUrl\":\"https:\\\/\\\/arkineos.ch\\\/wp-content\\\/uploads\\\/2024\\\/03\\\/logoRound.svg\",\"width\":512,\"height\":512,\"caption\":\"logoRound\"},{\"@type\":\"BreadcrumbList\",\"@id\":\"https:\\\/\\\/arkineos.ch\\\/en\\\/#breadcrumb\",\"itemListElement\":[{\"@type\":\"ListItem\",\"position\":1,\"name\":\"Accueil\",\"item\":\"https:\\\/\\\/arkineos.ch\\\/en\\\/\"},{\"@type\":\"ListItem\",\"position\":2,\"name\":\"Home\"}]},{\"@type\":\"WebSite\",\"@id\":\"https:\\\/\\\/arkineos.ch\\\/en\\\/#website\",\"url\":\"https:\\\/\\\/arkineos.ch\\\/en\\\/\",\"name\":\"ArkiNeos\",\"description\":\"\",\"publisher\":{\"@id\":\"https:\\\/\\\/arkineos.ch\\\/en\\\/#organization\"},\"potentialAction\":[{\"@type\":\"SearchAction\",\"target\":{\"@type\":\"EntryPoint\",\"urlTemplate\":\"https:\\\/\\\/arkineos.ch\\\/en\\\/?s={search_term_string}\"},\"query-input\":{\"@type\":\"PropertyValueSpecification\",\"valueRequired\":true,\"valueName\":\"search_term_string\"}}],\"inLanguage\":\"en-US\"},{\"@type\":\"Organization\",\"@id\":\"https:\\\/\\\/arkineos.ch\\\/en\\\/#organization\",\"name\":\"ArkiNeos\",\"url\":\"https:\\\/\\\/arkineos.ch\\\/en\\\/\",\"logo\":{\"@type\":\"ImageObject\",\"inLanguage\":\"en-US\",\"@id\":\"https:\\\/\\\/arkineos.ch\\\/en\\\/#\\\/schema\\\/logo\\\/image\\\/\",\"url\":\"https:\\\/\\\/arkineos.ch\\\/wp-content\\\/uploads\\\/2024\\\/03\\\/logoRound.svg\",\"contentUrl\":\"https:\\\/\\\/arkineos.ch\\\/wp-content\\\/uploads\\\/2024\\\/03\\\/logoRound.svg\",\"width\":512,\"height\":512,\"caption\":\"ArkiNeos\"},\"image\":{\"@id\":\"https:\\\/\\\/arkineos.ch\\\/en\\\/#\\\/schema\\\/logo\\\/image\\\/\"},\"sameAs\":[\"https:\\\/\\\/www.facebook.com\\\/profile.php?id=61561182989115\",\"https:\\\/\\\/www.instagram.com\\\/_arkineos\\\/\"]}]}<\/script>\n<!-- \/ Yoast SEO plugin. -->","yoast_head_json":{"title":"Solutions architecturales innovantes et locales | Arkineos","description":"Arkineos offre des solutions architecturales innovantes et locales, alliant cr\u00e9ativit\u00e9 et durabilit\u00e9 pour des projets uniques et adapt\u00e9s \u00e0 chaque environnement.","robots":{"index":"index","follow":"follow","max-snippet":"max-snippet:-1","max-image-preview":"max-image-preview:large","max-video-preview":"max-video-preview:-1"},"canonical":"https:\/\/arkineos.ch\/en\/","og_locale":"en_US","og_type":"article","og_title":"Solutions architecturales innovantes et locales | Arkineos","og_description":"Arkineos offre des solutions architecturales innovantes et locales, alliant cr\u00e9ativit\u00e9 et durabilit\u00e9 pour des projets uniques et adapt\u00e9s \u00e0 chaque environnement.","og_url":"https:\/\/arkineos.ch\/en\/","og_site_name":"ArkiNeos","article_publisher":"https:\/\/www.facebook.com\/profile.php?id=61561182989115","article_modified_time":"2024-09-06T07:09:28+00:00","twitter_card":"summary_large_image","twitter_misc":{"Est. reading time":"1 minute"},"schema":{"@context":"https:\/\/schema.org","@graph":[{"@type":"WebPage","@id":"https:\/\/arkineos.ch\/en\/","url":"https:\/\/arkineos.ch\/en\/","name":"Solutions architecturales innovantes et locales | Arkineos","isPartOf":{"@id":"https:\/\/arkineos.ch\/en\/#website"},"primaryImageOfPage":{"@id":"https:\/\/arkineos.ch\/en\/#primaryimage"},"image":{"@id":"https:\/\/arkineos.ch\/en\/#primaryimage"},"thumbnailUrl":"https:\/\/arkineos.ch\/wp-content\/uploads\/2024\/03\/logoRound.svg","datePublished":"2021-12-02T07:30:14+00:00","dateModified":"2024-09-06T07:09:28+00:00","description":"Arkineos offre des solutions architecturales innovantes et locales, alliant cr\u00e9ativit\u00e9 et durabilit\u00e9 pour des projets uniques et adapt\u00e9s \u00e0 chaque environnement.","breadcrumb":{"@id":"https:\/\/arkineos.ch\/en\/#breadcrumb"},"inLanguage":"en-US","potentialAction":[{"@type":"ReadAction","target":["https:\/\/arkineos.ch\/en\/"]}]},{"@type":"ImageObject","inLanguage":"en-US","@id":"https:\/\/arkineos.ch\/en\/#primaryimage","url":"https:\/\/arkineos.ch\/wp-content\/uploads\/2024\/03\/logoRound.svg","contentUrl":"https:\/\/arkineos.ch\/wp-content\/uploads\/2024\/03\/logoRound.svg","width":512,"height":512,"caption":"logoRound"},{"@type":"BreadcrumbList","@id":"https:\/\/arkineos.ch\/en\/#breadcrumb","itemListElement":[{"@type":"ListItem","position":1,"name":"Accueil","item":"https:\/\/arkineos.ch\/en\/"},{"@type":"ListItem","position":2,"name":"Home"}]},{"@type":"WebSite","@id":"https:\/\/arkineos.ch\/en\/#website","url":"https:\/\/arkineos.ch\/en\/","name":"ArkiNeos","description":"","publisher":{"@id":"https:\/\/arkineos.ch\/en\/#organization"},"potentialAction":[{"@type":"SearchAction","target":{"@type":"EntryPoint","urlTemplate":"https:\/\/arkineos.ch\/en\/?s={search_term_string}"},"query-input":{"@type":"PropertyValueSpecification","valueRequired":true,"valueName":"search_term_string"}}],"inLanguage":"en-US"},{"@type":"Organization","@id":"https:\/\/arkineos.ch\/en\/#organization","name":"ArkiNeos","url":"https:\/\/arkineos.ch\/en\/","logo":{"@type":"ImageObject","inLanguage":"en-US","@id":"https:\/\/arkineos.ch\/en\/#\/schema\/logo\/image\/","url":"https:\/\/arkineos.ch\/wp-content\/uploads\/2024\/03\/logoRound.svg","contentUrl":"https:\/\/arkineos.ch\/wp-content\/uploads\/2024\/03\/logoRound.svg","width":512,"height":512,"caption":"ArkiNeos"},"image":{"@id":"https:\/\/arkineos.ch\/en\/#\/schema\/logo\/image\/"},"sameAs":["https:\/\/www.facebook.com\/profile.php?id=61561182989115","https:\/\/www.instagram.com\/_arkineos\/"]}]}},"_links":{"self":[{"href":"https:\/\/arkineos.ch\/en\/wp-json\/wp\/v2\/pages\/30786","targetHints":{"allow":["GET"]}}],"collection":[{"href":"https:\/\/arkineos.ch\/en\/wp-json\/wp\/v2\/pages"}],"about":[{"href":"https:\/\/arkineos.ch\/en\/wp-json\/wp\/v2\/types\/page"}],"author":[{"embeddable":true,"href":"https:\/\/arkineos.ch\/en\/wp-json\/wp\/v2\/users\/1"}],"replies":[{"embeddable":true,"href":"https:\/\/arkineos.ch\/en\/wp-json\/wp\/v2\/comments?post=30786"}],"version-history":[{"count":5,"href":"https:\/\/arkineos.ch\/en\/wp-json\/wp\/v2\/pages\/30786\/revisions"}],"predecessor-version":[{"id":30931,"href":"https:\/\/arkineos.ch\/en\/wp-json\/wp\/v2\/pages\/30786\/revisions\/30931"}],"wp:featuredmedia":[{"embeddable":true,"href":"https:\/\/arkineos.ch\/en\/wp-json\/wp\/v2\/media\/30612"}],"wp:attachment":[{"href":"https:\/\/arkineos.ch\/en\/wp-json\/wp\/v2\/media?parent=30786"}],"curies":[{"name":"wp","href":"https:\/\/api.w.org\/{rel}","templated":true}]}}